{"id":3578,"date":"2024-11-07T11:51:15","date_gmt":"2024-11-07T10:51:15","guid":{"rendered":"https:\/\/solid-ars.com\/%d0%bd%d0%be%d0%b2%d0%be%d1%81%d1%82%d0%b8\/"},"modified":"2025-05-14T16:57:58","modified_gmt":"2025-05-14T15:57:58","slug":"%d0%bd%d0%be%d0%b2%d0%be%d1%81%d1%82%d0%b8","status":"publish","type":"page","link":"https:\/\/solid-ars.com\/pl\/%d0%bd%d0%be%d0%b2%d0%be%d1%81%d1%82%d0%b8\/","title":{"rendered":"Wiadomo\u015bci"},"content":{"rendered":"\t\t<div data-elementor-type=\"wp-page\" data-elementor-id=\"3578\" class=\"elementor elementor-3578 elementor-3548\" data-elementor-post-type=\"page\">\n\t\t\t\t<div class=\"elementor-element elementor-element-162bc70 e-flex e-con-boxed e-con e-parent\" data-id=\"162bc70\" data-element_type=\"container\" data-e-type=\"container\">\n\t\t\t\t\t<div class=\"e-con-inner\">\n\t\t\t\t<div class=\"elementor-element elementor-element-e844d78 elementor-widget elementor-widget-spacer\" data-id=\"e844d78\" data-element_type=\"widget\" data-e-type=\"widget\" data-widget_type=\"spacer.default\">\n\t\t\t\t<div class=\"elementor-widget-container\">\n\t\t\t\t\t\t\t<div class=\"elementor-spacer\">\n\t\t\t<div class=\"elementor-spacer-inner\"><\/div>\n\t\t<\/div>\n\t\t\t\t\t\t<\/div>\n\t\t\t\t<\/div>\n\t\t\t\t<div class=\"elementor-element elementor-element-8330f0f elementor-grid-3 elementor-grid-tablet-2 elementor-grid-mobile-1 elementor-posts--thumbnail-top elementor-card-shadow-yes elementor-posts__hover-gradient elementor-widget elementor-widget-posts\" data-id=\"8330f0f\" data-element_type=\"widget\" data-e-type=\"widget\" data-settings=\"{&quot;cards_masonry&quot;:&quot;yes&quot;,&quot;pagination_type&quot;:&quot;numbers_and_prev_next&quot;,&quot;cards_columns&quot;:&quot;3&quot;,&quot;cards_columns_tablet&quot;:&quot;2&quot;,&quot;cards_columns_mobile&quot;:&quot;1&quot;,&quot;cards_row_gap&quot;:{&quot;unit&quot;:&quot;px&quot;,&quot;size&quot;:35,&quot;sizes&quot;:[]},&quot;cards_row_gap_tablet&quot;:{&quot;unit&quot;:&quot;px&quot;,&quot;size&quot;:&quot;&quot;,&quot;sizes&quot;:[]},&quot;cards_row_gap_mobile&quot;:{&quot;unit&quot;:&quot;px&quot;,&quot;size&quot;:&quot;&quot;,&quot;sizes&quot;:[]}}\" data-widget_type=\"posts.cards\">\n\t\t\t\t<div class=\"elementor-widget-container\">\n\t\t\t\t\t\t\t<div class=\"elementor-posts-container elementor-posts elementor-posts--skin-cards elementor-grid\">\n\t\t\t\t<article class=\"elementor-post elementor-grid-item post-4025 novosti type-novosti status-publish has-post-thumbnail hentry\">\n\t\t\t<div class=\"elementor-post__card\">\n\t\t\t\t<a class=\"elementor-post__thumbnail__link\" href=\"https:\/\/solid-ars.com\/pl\/novosti\/4019\/\" tabindex=\"-1\" ><div class=\"elementor-post__thumbnail\"><img fetchpriority=\"high\" decoding=\"async\" width=\"768\" height=\"436\" src=\"https:\/\/solid-ars.com\/wp-content\/uploads\/2025\/09\/image-768x436.png\" class=\"attachment-medium_large size-medium_large wp-image-4022\" alt=\"\" srcset=\"https:\/\/solid-ars.com\/wp-content\/uploads\/2025\/09\/image-768x436.png 768w, https:\/\/solid-ars.com\/wp-content\/uploads\/2025\/09\/image-300x170.png 300w, https:\/\/solid-ars.com\/wp-content\/uploads\/2025\/09\/image-1024x581.png 1024w, https:\/\/solid-ars.com\/wp-content\/uploads\/2025\/09\/image.png 1184w\" sizes=\"(max-width: 768px) 100vw, 768px\" \/><\/div><\/a>\n\t\t\t\t<div class=\"elementor-post__text\">\n\t\t\t\t<h3 class=\"elementor-post__title\">\n\t\t\t<a href=\"https:\/\/solid-ars.com\/pl\/novosti\/4019\/\" >\n\t\t\t\tVolkswagen wzmacnia zesp\u00f3\u0142 komunikacji w USA dzi\u0119ki nowemu mianowaniu\t\t\t<\/a>\n\t\t<\/h3>\n\t\t\t\t<div class=\"elementor-post__excerpt\">\n\t\t\t<p>Volkswagen Group of America og\u0142osi\u0142 mianowanie Jeanine Ginivan dyrektork\u0105 ds. komunikacji (komunikat prasowy z 28 sierpnia). To powr\u00f3t Ginivan do firmy: wcze\u015bniej kierowa\u0142a komunikacj\u0105 korporacyjn\u0105<\/p>\n\t\t<\/div>\n\t\t\t\t<\/div>\n\t\t\t\t<div class=\"elementor-post__meta-data\">\n\t\t\t\t\t<span class=\"elementor-post-date\">\n\t\t\t28 sierpnia, 2025\t\t<\/span>\n\t\t\t\t<\/div>\n\t\t\t\t\t<\/div>\n\t\t<\/article>\n\t\t\t\t<article class=\"elementor-post elementor-grid-item post-4016 novosti type-novosti status-publish has-post-thumbnail hentry\">\n\t\t\t<div class=\"elementor-post__card\">\n\t\t\t\t<a class=\"elementor-post__thumbnail__link\" href=\"https:\/\/solid-ars.com\/pl\/novosti\/4010\/\" tabindex=\"-1\" ><div class=\"elementor-post__thumbnail\"><img decoding=\"async\" width=\"768\" height=\"436\" src=\"https:\/\/solid-ars.com\/wp-content\/uploads\/2025\/08\/image-768x436.png\" class=\"attachment-medium_large size-medium_large wp-image-4013\" alt=\"\" srcset=\"https:\/\/solid-ars.com\/wp-content\/uploads\/2025\/08\/image-768x436.png 768w, https:\/\/solid-ars.com\/wp-content\/uploads\/2025\/08\/image-300x170.png 300w, https:\/\/solid-ars.com\/wp-content\/uploads\/2025\/08\/image-1024x581.png 1024w, https:\/\/solid-ars.com\/wp-content\/uploads\/2025\/08\/image.png 1184w\" sizes=\"(max-width: 768px) 100vw, 768px\" \/><\/div><\/a>\n\t\t\t\t<div class=\"elementor-post__text\">\n\t\t\t\t<h3 class=\"elementor-post__title\">\n\t\t\t<a href=\"https:\/\/solid-ars.com\/pl\/novosti\/4010\/\" >\n\t\t\t\tDie Bank hat einen 15-j\u00e4hrigen Mietvertrag f\u00fcr ein Geb\u00e4ude in der Bank Street unterzeichnet\t\t\t<\/a>\n\t\t<\/h3>\n\t\t\t\t<div class=\"elementor-post__excerpt\">\n\t\t\t<p>Gigant bankowy HSBC wynajmuje 11 pi\u0119ter dodatkowej powierzchni w Canary Wharf z powodu braku miejsca w swojej nowej siedzibie g\u0142\u00f3wnej w pobli\u017cu katedry \u015bw. Paw\u0142a.<\/p>\n\t\t<\/div>\n\t\t\t\t<\/div>\n\t\t\t\t<div class=\"elementor-post__meta-data\">\n\t\t\t\t\t<span class=\"elementor-post-date\">\n\t\t\t11 sierpnia, 2025\t\t<\/span>\n\t\t\t\t<\/div>\n\t\t\t\t\t<\/div>\n\t\t<\/article>\n\t\t\t\t<article class=\"elementor-post elementor-grid-item post-4007 novosti type-novosti status-publish has-post-thumbnail hentry\">\n\t\t\t<div class=\"elementor-post__card\">\n\t\t\t\t<a class=\"elementor-post__thumbnail__link\" href=\"https:\/\/solid-ars.com\/pl\/novosti\/4001\/\" tabindex=\"-1\" ><div class=\"elementor-post__thumbnail\"><img decoding=\"async\" width=\"768\" height=\"436\" src=\"https:\/\/solid-ars.com\/wp-content\/uploads\/2025\/07\/image-1-768x436.png\" class=\"attachment-medium_large size-medium_large wp-image-4004\" alt=\"\" srcset=\"https:\/\/solid-ars.com\/wp-content\/uploads\/2025\/07\/image-1-768x436.png 768w, https:\/\/solid-ars.com\/wp-content\/uploads\/2025\/07\/image-1-300x170.png 300w, https:\/\/solid-ars.com\/wp-content\/uploads\/2025\/07\/image-1-1024x581.png 1024w, https:\/\/solid-ars.com\/wp-content\/uploads\/2025\/07\/image-1.png 1184w\" sizes=\"(max-width: 768px) 100vw, 768px\" \/><\/div><\/a>\n\t\t\t\t<div class=\"elementor-post__text\">\n\t\t\t\t<h3 class=\"elementor-post__title\">\n\t\t\t<a href=\"https:\/\/solid-ars.com\/pl\/novosti\/4001\/\" >\n\t\t\t\tPrzychody Hyundaia wzros\u0142y o 7 procent, ale zysk spad\u0142 o jedn\u0105 czwart\u0105\t\t\t<\/a>\n\t\t<\/h3>\n\t\t\t\t<div class=\"elementor-post__excerpt\">\n\t\t\t<p>W opublikowanym w czwartek raporcie finansowym Hyundai Motor Group poinformowa\u0142a o przychodach za drugi kwarta\u0142 w wysoko\u015bci 35,2 miliarda dolar\u00f3w \u2014 to najwy\u017cszy kwartalny wynik<\/p>\n\t\t<\/div>\n\t\t\t\t<\/div>\n\t\t\t\t<div class=\"elementor-post__meta-data\">\n\t\t\t\t\t<span class=\"elementor-post-date\">\n\t\t\t25 lipca, 2025\t\t<\/span>\n\t\t\t\t<\/div>\n\t\t\t\t\t<\/div>\n\t\t<\/article>\n\t\t\t\t<article class=\"elementor-post elementor-grid-item post-3997 novosti type-novosti status-publish has-post-thumbnail hentry\">\n\t\t\t<div class=\"elementor-post__card\">\n\t\t\t\t<a class=\"elementor-post__thumbnail__link\" href=\"https:\/\/solid-ars.com\/pl\/novosti\/3991\/\" tabindex=\"-1\" ><div class=\"elementor-post__thumbnail\"><img loading=\"lazy\" decoding=\"async\" width=\"768\" height=\"436\" src=\"https:\/\/solid-ars.com\/wp-content\/uploads\/2025\/07\/image-768x436.png\" class=\"attachment-medium_large size-medium_large wp-image-3994\" alt=\"\" srcset=\"https:\/\/solid-ars.com\/wp-content\/uploads\/2025\/07\/image-768x436.png 768w, https:\/\/solid-ars.com\/wp-content\/uploads\/2025\/07\/image-300x170.png 300w, https:\/\/solid-ars.com\/wp-content\/uploads\/2025\/07\/image-1024x581.png 1024w, https:\/\/solid-ars.com\/wp-content\/uploads\/2025\/07\/image.png 1184w\" sizes=\"(max-width: 768px) 100vw, 768px\" \/><\/div><\/a>\n\t\t\t\t<div class=\"elementor-post__text\">\n\t\t\t\t<h3 class=\"elementor-post__title\">\n\t\t\t<a href=\"https:\/\/solid-ars.com\/pl\/novosti\/3991\/\" >\n\t\t\t\tDodatkowe 248 milion\u00f3w funt\u00f3w wydatk\u00f3w na projekty Barratt Redrow\t\t\t<\/a>\n\t\t<\/h3>\n\t\t\t\t<div class=\"elementor-post__excerpt\">\n\t\t\t<p>Firma Barratt Redrow poinformowa\u0142a, \u017ce b\u0119dzie nadal d\u0105\u017cy\u0107 do odzyskania koszt\u00f3w poprzez sw\u00f3j \u0142a\u0144cuch dostaw po ujawnieniu dodatkowych wydatk\u00f3w w wysoko\u015bci 248 milion\u00f3w funt\u00f3w zwi\u0105zanych<\/p>\n\t\t<\/div>\n\t\t\t\t<\/div>\n\t\t\t\t<div class=\"elementor-post__meta-data\">\n\t\t\t\t\t<span class=\"elementor-post-date\">\n\t\t\t9 lipca, 2025\t\t<\/span>\n\t\t\t\t<\/div>\n\t\t\t\t\t<\/div>\n\t\t<\/article>\n\t\t\t\t<article class=\"elementor-post elementor-grid-item post-3985 novosti type-novosti status-publish has-post-thumbnail hentry\">\n\t\t\t<div class=\"elementor-post__card\">\n\t\t\t\t<a class=\"elementor-post__thumbnail__link\" href=\"https:\/\/solid-ars.com\/pl\/novosti\/3979\/\" tabindex=\"-1\" ><div class=\"elementor-post__thumbnail\"><img loading=\"lazy\" decoding=\"async\" width=\"768\" height=\"436\" src=\"https:\/\/solid-ars.com\/wp-content\/uploads\/2025\/06\/image-1-768x436.png\" class=\"attachment-medium_large size-medium_large wp-image-3982\" alt=\"\" srcset=\"https:\/\/solid-ars.com\/wp-content\/uploads\/2025\/06\/image-1-768x436.png 768w, https:\/\/solid-ars.com\/wp-content\/uploads\/2025\/06\/image-1-300x170.png 300w, https:\/\/solid-ars.com\/wp-content\/uploads\/2025\/06\/image-1-1024x581.png 1024w, https:\/\/solid-ars.com\/wp-content\/uploads\/2025\/06\/image-1.png 1184w\" sizes=\"(max-width: 768px) 100vw, 768px\" \/><\/div><\/a>\n\t\t\t\t<div class=\"elementor-post__text\">\n\t\t\t\t<h3 class=\"elementor-post__title\">\n\t\t\t<a href=\"https:\/\/solid-ars.com\/pl\/novosti\/3979\/\" >\n\t\t\t\tSAIC, BYD i Geely planuj\u0105 wprowadzenie samochod\u00f3w z chi\u0144skimi chipami do 2026 roku\t\t\t<\/a>\n\t\t<\/h3>\n\t\t\t\t<div class=\"elementor-post__excerpt\">\n\t\t\t<p>Wed\u0142ug Nikkei, chi\u0144scy producenci samochod\u00f3w \u2014 w tym SAIC Motor, Changan, Great Wall Motor, BYD, Li Auto i Geely \u2014 aktywnie przygotowuj\u0105 si\u0119 do wprowadzenia<\/p>\n\t\t<\/div>\n\t\t\t\t<\/div>\n\t\t\t\t<div class=\"elementor-post__meta-data\">\n\t\t\t\t\t<span class=\"elementor-post-date\">\n\t\t\t23 czerwca, 2025\t\t<\/span>\n\t\t\t\t<\/div>\n\t\t\t\t\t<\/div>\n\t\t<\/article>\n\t\t\t\t<article class=\"elementor-post elementor-grid-item post-3976 novosti type-novosti status-publish has-post-thumbnail hentry\">\n\t\t\t<div class=\"elementor-post__card\">\n\t\t\t\t<a class=\"elementor-post__thumbnail__link\" href=\"https:\/\/solid-ars.com\/pl\/novosti\/3970\/\" tabindex=\"-1\" ><div class=\"elementor-post__thumbnail\"><img loading=\"lazy\" decoding=\"async\" width=\"768\" height=\"436\" src=\"https:\/\/solid-ars.com\/wp-content\/uploads\/2025\/06\/image-768x436.png\" class=\"attachment-medium_large size-medium_large wp-image-3973\" alt=\"\" srcset=\"https:\/\/solid-ars.com\/wp-content\/uploads\/2025\/06\/image-768x436.png 768w, https:\/\/solid-ars.com\/wp-content\/uploads\/2025\/06\/image-300x170.png 300w, https:\/\/solid-ars.com\/wp-content\/uploads\/2025\/06\/image-1024x581.png 1024w, https:\/\/solid-ars.com\/wp-content\/uploads\/2025\/06\/image.png 1184w\" sizes=\"(max-width: 768px) 100vw, 768px\" \/><\/div><\/a>\n\t\t\t\t<div class=\"elementor-post__text\">\n\t\t\t\t<h3 class=\"elementor-post__title\">\n\t\t\t<a href=\"https:\/\/solid-ars.com\/pl\/novosti\/3970\/\" >\n\t\t\t\tToyota wzywa do serwisu model Tundra z powodu wadliwych tylnych \u015bwiate\u0142\t\t\t<\/a>\n\t\t<\/h3>\n\t\t\t\t<div class=\"elementor-post__excerpt\">\n\t\t\t<p>Akcja serwisowa dotyczy samochod\u00f3w Toyota Tundra oraz Tundra Hybrid z rocznik\u00f3w 2022\u20132025, wyprodukowanych w okresie od 30 czerwca 2021 roku do 20 marca 2025 roku.<\/p>\n\t\t<\/div>\n\t\t\t\t<\/div>\n\t\t\t\t<div class=\"elementor-post__meta-data\">\n\t\t\t\t\t<span class=\"elementor-post-date\">\n\t\t\t6 czerwca, 2025\t\t<\/span>\n\t\t\t\t<\/div>\n\t\t\t\t\t<\/div>\n\t\t<\/article>\n\t\t\t\t<\/div>\n\t\t\n\t\t\t\t<div class=\"e-load-more-anchor\" data-page=\"1\" data-max-page=\"3\" data-next-page=\"https:\/\/solid-ars.com\/pl\/wp-json\/wp\/v2\/pages\/3578\/page\/2\/\"><\/div>\n\t\t\t\t<nav class=\"elementor-pagination\" aria-label=\"Pagination\">\n\t\t\t<span class=\"page-numbers prev\">&laquo; Previous<\/span>\n<span aria-current=\"page\" class=\"page-numbers current\"><span class=\"elementor-screen-only\">Page<\/span>1<\/span>\n<a class=\"page-numbers\" href=\"https:\/\/solid-ars.com\/pl\/wp-json\/wp\/v2\/pages\/3578\/page\/2\/\"><span class=\"elementor-screen-only\">Page<\/span>2<\/a>\n<a class=\"page-numbers\" href=\"https:\/\/solid-ars.com\/pl\/wp-json\/wp\/v2\/pages\/3578\/page\/3\/\"><span class=\"elementor-screen-only\">Page<\/span>3<\/a>\n<a class=\"page-numbers next\" href=\"https:\/\/solid-ars.com\/pl\/wp-json\/wp\/v2\/pages\/3578\/page\/2\/\">Next &raquo;<\/a>\t\t<\/nav>\n\t\t\t\t\t\t<\/div>\n\t\t\t\t<\/div>\n\t\t\t\t\t<\/div>\n\t\t\t\t<\/div>\n\t\t<div class=\"elementor-element elementor-element-a7a46ae e-flex e-con-boxed e-con e-parent\" data-id=\"a7a46ae\" data-element_type=\"container\" data-e-type=\"container\">\n\t\t\t\t\t<div class=\"e-con-inner\">\n\t\t\t\t<div class=\"elementor-element elementor-element-d7cd232 elementor-widget-divider--view-line elementor-widget elementor-widget-divider\" data-id=\"d7cd232\" data-element_type=\"widget\" data-e-type=\"widget\" data-widget_type=\"divider.default\">\n\t\t\t\t<div class=\"elementor-widget-container\">\n\t\t\t\t\t\t\t<div class=\"elementor-divider\">\n\t\t\t<span class=\"elementor-divider-separator\">\n\t\t\t\t\t\t<\/span>\n\t\t<\/div>\n\t\t\t\t\t\t<\/div>\n\t\t\t\t<\/div>\n\t\t\t\t\t<\/div>\n\t\t\t\t<\/div>\n\t\t\t\t<\/div>\n\t\t","protected":false},"excerpt":{"rendered":"","protected":false},"author":1,"featured_media":0,"parent":0,"menu_order":0,"comment_status":"closed","ping_status":"closed","template":"","meta":{"footnotes":""},"class_list":["post-3578","page","type-page","status-publish","hentry"],"acf":[],"yoast_head":"<!-- This site is optimized with the Yoast SEO plugin v27.4 - https:\/\/yoast.com\/product\/yoast-seo-wordpress\/ -->\n<title>Wiadomo\u015bci - SOLID ARS GmbH<\/title>\n<meta name=\"robots\" content=\"index, follow, max-snippet:-1, max-image-preview:large, max-video-preview:-1\" \/>\n<link rel=\"canonical\" href=\"https:\/\/solid-ars.com\/ru\/\u043d\u043e\u0432\u043e\u0441\u0442\u0438\/\" \/>\n<meta property=\"og:locale\" content=\"pl_PL\" \/>\n<meta property=\"og:type\" content=\"article\" \/>\n<meta property=\"og:title\" content=\"Wiadomo\u015bci - SOLID ARS GmbH\" \/>\n<meta property=\"og:url\" content=\"https:\/\/solid-ars.com\/ru\/\u043d\u043e\u0432\u043e\u0441\u0442\u0438\/\" \/>\n<meta property=\"og:site_name\" content=\"SOLID ARS GmbH\" \/>\n<meta property=\"article:modified_time\" content=\"2025-05-14T15:57:58+00:00\" \/>\n<meta name=\"twitter:card\" content=\"summary_large_image\" \/>\n<meta name=\"twitter:label1\" content=\"Szacowany czas czytania\" \/>\n\t<meta name=\"twitter:data1\" content=\"6 minut\" \/>\n<script type=\"application\/ld+json\" class=\"yoast-schema-graph\">{\"@context\":\"https:\\\/\\\/schema.org\",\"@graph\":[{\"@type\":\"WebPage\",\"@id\":\"https:\\\/\\\/solid-ars.com\\\/ru\\\/%d0%bd%d0%be%d0%b2%d0%be%d1%81%d1%82%d0%b8\\\/\",\"url\":\"https:\\\/\\\/solid-ars.com\\\/ru\\\/%d0%bd%d0%be%d0%b2%d0%be%d1%81%d1%82%d0%b8\\\/\",\"name\":\"Wiadomo\u015bci - SOLID ARS GmbH\",\"isPartOf\":{\"@id\":\"https:\\\/\\\/solid-ars.com\\\/#website\"},\"datePublished\":\"2024-11-07T10:51:15+00:00\",\"dateModified\":\"2025-05-14T15:57:58+00:00\",\"breadcrumb\":{\"@id\":\"https:\\\/\\\/solid-ars.com\\\/ru\\\/%d0%bd%d0%be%d0%b2%d0%be%d1%81%d1%82%d0%b8\\\/#breadcrumb\"},\"inLanguage\":\"pl-PL\",\"potentialAction\":[{\"@type\":\"ReadAction\",\"target\":[\"https:\\\/\\\/solid-ars.com\\\/ru\\\/%d0%bd%d0%be%d0%b2%d0%be%d1%81%d1%82%d0%b8\\\/\"]}]},{\"@type\":\"BreadcrumbList\",\"@id\":\"https:\\\/\\\/solid-ars.com\\\/ru\\\/%d0%bd%d0%be%d0%b2%d0%be%d1%81%d1%82%d0%b8\\\/#breadcrumb\",\"itemListElement\":[{\"@type\":\"ListItem\",\"position\":1,\"name\":\"Solid Ars\",\"item\":\"https:\\\/\\\/solid-ars.com\\\/ru\\\/\"},{\"@type\":\"ListItem\",\"position\":2,\"name\":\"Wiadomo\u015bci\"}]},{\"@type\":\"WebSite\",\"@id\":\"https:\\\/\\\/solid-ars.com\\\/#website\",\"url\":\"https:\\\/\\\/solid-ars.com\\\/\",\"name\":\"SOLID ARS GmbH\",\"description\":\"SOLID ARS\",\"publisher\":{\"@id\":\"https:\\\/\\\/solid-ars.com\\\/#organization\"},\"potentialAction\":[{\"@type\":\"SearchAction\",\"target\":{\"@type\":\"EntryPoint\",\"urlTemplate\":\"https:\\\/\\\/solid-ars.com\\\/?s={search_term_string}\"},\"query-input\":{\"@type\":\"PropertyValueSpecification\",\"valueRequired\":true,\"valueName\":\"search_term_string\"}}],\"inLanguage\":\"pl-PL\"},{\"@type\":\"Organization\",\"@id\":\"https:\\\/\\\/solid-ars.com\\\/#organization\",\"name\":\"SOLID ARS GmbH\",\"url\":\"https:\\\/\\\/solid-ars.com\\\/\",\"logo\":{\"@type\":\"ImageObject\",\"inLanguage\":\"pl-PL\",\"@id\":\"https:\\\/\\\/solid-ars.com\\\/#\\\/schema\\\/logo\\\/image\\\/\",\"url\":\"https:\\\/\\\/solid-ars.com\\\/wp-content\\\/uploads\\\/2023\\\/04\\\/logo.png\",\"contentUrl\":\"https:\\\/\\\/solid-ars.com\\\/wp-content\\\/uploads\\\/2023\\\/04\\\/logo.png\",\"width\":1128,\"height\":223,\"caption\":\"SOLID ARS GmbH\"},\"image\":{\"@id\":\"https:\\\/\\\/solid-ars.com\\\/#\\\/schema\\\/logo\\\/image\\\/\"}}]}<\/script>\n<!-- \/ Yoast SEO plugin. -->","yoast_head_json":{"title":"Wiadomo\u015bci - SOLID ARS GmbH","robots":{"index":"index","follow":"follow","max-snippet":"max-snippet:-1","max-image-preview":"max-image-preview:large","max-video-preview":"max-video-preview:-1"},"canonical":"https:\/\/solid-ars.com\/ru\/\u043d\u043e\u0432\u043e\u0441\u0442\u0438\/","og_locale":"pl_PL","og_type":"article","og_title":"Wiadomo\u015bci - SOLID ARS GmbH","og_url":"https:\/\/solid-ars.com\/ru\/\u043d\u043e\u0432\u043e\u0441\u0442\u0438\/","og_site_name":"SOLID ARS GmbH","article_modified_time":"2025-05-14T15:57:58+00:00","twitter_card":"summary_large_image","twitter_misc":{"Szacowany czas czytania":"6 minut"},"schema":{"@context":"https:\/\/schema.org","@graph":[{"@type":"WebPage","@id":"https:\/\/solid-ars.com\/ru\/%d0%bd%d0%be%d0%b2%d0%be%d1%81%d1%82%d0%b8\/","url":"https:\/\/solid-ars.com\/ru\/%d0%bd%d0%be%d0%b2%d0%be%d1%81%d1%82%d0%b8\/","name":"Wiadomo\u015bci - SOLID ARS GmbH","isPartOf":{"@id":"https:\/\/solid-ars.com\/#website"},"datePublished":"2024-11-07T10:51:15+00:00","dateModified":"2025-05-14T15:57:58+00:00","breadcrumb":{"@id":"https:\/\/solid-ars.com\/ru\/%d0%bd%d0%be%d0%b2%d0%be%d1%81%d1%82%d0%b8\/#breadcrumb"},"inLanguage":"pl-PL","potentialAction":[{"@type":"ReadAction","target":["https:\/\/solid-ars.com\/ru\/%d0%bd%d0%be%d0%b2%d0%be%d1%81%d1%82%d0%b8\/"]}]},{"@type":"BreadcrumbList","@id":"https:\/\/solid-ars.com\/ru\/%d0%bd%d0%be%d0%b2%d0%be%d1%81%d1%82%d0%b8\/#breadcrumb","itemListElement":[{"@type":"ListItem","position":1,"name":"Solid Ars","item":"https:\/\/solid-ars.com\/ru\/"},{"@type":"ListItem","position":2,"name":"Wiadomo\u015bci"}]},{"@type":"WebSite","@id":"https:\/\/solid-ars.com\/#website","url":"https:\/\/solid-ars.com\/","name":"SOLID ARS GmbH","description":"SOLID ARS","publisher":{"@id":"https:\/\/solid-ars.com\/#organization"},"potentialAction":[{"@type":"SearchAction","target":{"@type":"EntryPoint","urlTemplate":"https:\/\/solid-ars.com\/?s={search_term_string}"},"query-input":{"@type":"PropertyValueSpecification","valueRequired":true,"valueName":"search_term_string"}}],"inLanguage":"pl-PL"},{"@type":"Organization","@id":"https:\/\/solid-ars.com\/#organization","name":"SOLID ARS GmbH","url":"https:\/\/solid-ars.com\/","logo":{"@type":"ImageObject","inLanguage":"pl-PL","@id":"https:\/\/solid-ars.com\/#\/schema\/logo\/image\/","url":"https:\/\/solid-ars.com\/wp-content\/uploads\/2023\/04\/logo.png","contentUrl":"https:\/\/solid-ars.com\/wp-content\/uploads\/2023\/04\/logo.png","width":1128,"height":223,"caption":"SOLID ARS GmbH"},"image":{"@id":"https:\/\/solid-ars.com\/#\/schema\/logo\/image\/"}}]}},"_links":{"self":[{"href":"https:\/\/solid-ars.com\/pl\/wp-json\/wp\/v2\/pages\/3578","targetHints":{"allow":["GET"]}}],"collection":[{"href":"https:\/\/solid-ars.com\/pl\/wp-json\/wp\/v2\/pages"}],"about":[{"href":"https:\/\/solid-ars.com\/pl\/wp-json\/wp\/v2\/types\/page"}],"author":[{"embeddable":true,"href":"https:\/\/solid-ars.com\/pl\/wp-json\/wp\/v2\/users\/1"}],"replies":[{"embeddable":true,"href":"https:\/\/solid-ars.com\/pl\/wp-json\/wp\/v2\/comments?post=3578"}],"version-history":[{"count":23,"href":"https:\/\/solid-ars.com\/pl\/wp-json\/wp\/v2\/pages\/3578\/revisions"}],"predecessor-version":[{"id":3963,"href":"https:\/\/solid-ars.com\/pl\/wp-json\/wp\/v2\/pages\/3578\/revisions\/3963"}],"wp:attachment":[{"href":"https:\/\/solid-ars.com\/pl\/wp-json\/wp\/v2\/media?parent=3578"}],"curies":[{"name":"wp","href":"https:\/\/api.w.org\/{rel}","templated":true}]}}